{"id":94,"date":"2023-11-10T02:22:41","date_gmt":"2023-11-10T01:22:41","guid":{"rendered":"https:\/\/www.jesuischristophe.fr\/?page_id=94"},"modified":"2024-12-22T19:23:52","modified_gmt":"2024-12-22T18:23:52","slug":"references-pro","status":"publish","type":"page","link":"https:\/\/www.jesuischristophe.fr\/","title":{"rendered":"Christophe CAZAUVIEILH"},"content":{"rendered":"\n<p><strong>Book<\/strong><\/p>\n\n\n\n<figure class=\"wp-block-gallery has-nested-images columns-default is-cropped wp-block-gallery-1 is-layout-flex wp-block-gallery-is-layout-flex\">\n<figure class=\"wp-block-image size-large\"><img loading=\"lazy\" decoding=\"async\" width=\"683\" height=\"1024\" data-id=\"175\" src=\"https:\/\/www.jesuischristophe.fr\/wp-content\/uploads\/2024\/12\/Christophe-CAZAUVIEILH-portrait-3-0667240920-683x1024.jpg\" alt=\"\" class=\"wp-image-175\" srcset=\"https:\/\/www.jesuischristophe.fr\/wp-content\/uploads\/2024\/12\/Christophe-CAZAUVIEILH-portrait-3-0667240920-683x1024.jpg 683w, https:\/\/www.jesuischristophe.fr\/wp-content\/uploads\/2024\/12\/Christophe-CAZAUVIEILH-portrait-3-0667240920-200x300.jpg 200w, https:\/\/www.jesuischristophe.fr\/wp-content\/uploads\/2024\/12\/Christophe-CAZAUVIEILH-portrait-3-0667240920-768x1152.jpg 768w, https:\/\/www.jesuischristophe.fr\/wp-content\/uploads\/2024\/12\/Christophe-CAZAUVIEILH-portrait-3-0667240920-1024x1536.jpg 1024w, https:\/\/www.jesuischristophe.fr\/wp-content\/uploads\/2024\/12\/Christophe-CAZAUVIEILH-portrait-3-0667240920.jpg 1154w\" sizes=\"auto, (max-width: 683px) 100vw, 683px\" \/><\/figure>\n\n\n\n<figure class=\"wp-block-image size-large\"><img loading=\"lazy\" decoding=\"async\" width=\"683\" height=\"1024\" data-id=\"177\" src=\"https:\/\/www.jesuischristophe.fr\/wp-content\/uploads\/2024\/12\/Christophe-CAZAUVIEILH-portrait-1-0667240920-683x1024.jpg\" alt=\"\" class=\"wp-image-177\" srcset=\"https:\/\/www.jesuischristophe.fr\/wp-content\/uploads\/2024\/12\/Christophe-CAZAUVIEILH-portrait-1-0667240920-683x1024.jpg 683w, https:\/\/www.jesuischristophe.fr\/wp-content\/uploads\/2024\/12\/Christophe-CAZAUVIEILH-portrait-1-0667240920-200x300.jpg 200w, https:\/\/www.jesuischristophe.fr\/wp-content\/uploads\/2024\/12\/Christophe-CAZAUVIEILH-portrait-1-0667240920-768x1152.jpg 768w, https:\/\/www.jesuischristophe.fr\/wp-content\/uploads\/2024\/12\/Christophe-CAZAUVIEILH-portrait-1-0667240920-1024x1536.jpg 1024w, https:\/\/www.jesuischristophe.fr\/wp-content\/uploads\/2024\/12\/Christophe-CAZAUVIEILH-portrait-1-0667240920.jpg 1155w\" sizes=\"auto, (max-width: 683px) 100vw, 683px\" \/><\/figure>\n\n\n\n<figure class=\"wp-block-image size-large\"><img loading=\"lazy\" decoding=\"async\" width=\"683\" height=\"1024\" data-id=\"178\" src=\"https:\/\/www.jesuischristophe.fr\/wp-content\/uploads\/2024\/12\/Christophe-CAZAUVIEILH-portrait-2-0667240920-683x1024.jpg\" alt=\"\" class=\"wp-image-178\" srcset=\"https:\/\/www.jesuischristophe.fr\/wp-content\/uploads\/2024\/12\/Christophe-CAZAUVIEILH-portrait-2-0667240920-683x1024.jpg 683w, https:\/\/www.jesuischristophe.fr\/wp-content\/uploads\/2024\/12\/Christophe-CAZAUVIEILH-portrait-2-0667240920-200x300.jpg 200w, https:\/\/www.jesuischristophe.fr\/wp-content\/uploads\/2024\/12\/Christophe-CAZAUVIEILH-portrait-2-0667240920-768x1152.jpg 768w, https:\/\/www.jesuischristophe.fr\/wp-content\/uploads\/2024\/12\/Christophe-CAZAUVIEILH-portrait-2-0667240920-1024x1536.jpg 1024w, https:\/\/www.jesuischristophe.fr\/wp-content\/uploads\/2024\/12\/Christophe-CAZAUVIEILH-portrait-2-0667240920.jpg 1154w\" sizes=\"auto, (max-width: 683px) 100vw, 683px\" \/><\/figure>\n\n\n\n<figure class=\"wp-block-image size-large\"><img loading=\"lazy\" decoding=\"async\" width=\"683\" height=\"1024\" data-id=\"179\" src=\"https:\/\/www.jesuischristophe.fr\/wp-content\/uploads\/2024\/12\/Christophe-CAZAUVIEILH-portrait-9-0667240920-683x1024.jpg\" alt=\"\" class=\"wp-image-179\" srcset=\"https:\/\/www.jesuischristophe.fr\/wp-content\/uploads\/2024\/12\/Christophe-CAZAUVIEILH-portrait-9-0667240920-683x1024.jpg 683w, https:\/\/www.jesuischristophe.fr\/wp-content\/uploads\/2024\/12\/Christophe-CAZAUVIEILH-portrait-9-0667240920-200x300.jpg 200w, https:\/\/www.jesuischristophe.fr\/wp-content\/uploads\/2024\/12\/Christophe-CAZAUVIEILH-portrait-9-0667240920-768x1152.jpg 768w, https:\/\/www.jesuischristophe.fr\/wp-content\/uploads\/2024\/12\/Christophe-CAZAUVIEILH-portrait-9-0667240920-1024x1536.jpg 1024w, https:\/\/www.jesuischristophe.fr\/wp-content\/uploads\/2024\/12\/Christophe-CAZAUVIEILH-portrait-9-0667240920.jpg 1154w\" sizes=\"auto, (max-width: 683px) 100vw, 683px\" \/><\/figure>\n\n\n\n<figure class=\"wp-block-image size-large\"><img loading=\"lazy\" decoding=\"async\" width=\"683\" height=\"1024\" data-id=\"181\" src=\"https:\/\/www.jesuischristophe.fr\/wp-content\/uploads\/2024\/12\/Christophe-CAZAUVIEILH-pied1-0667240920-683x1024.jpg\" alt=\"\" class=\"wp-image-181\" srcset=\"https:\/\/www.jesuischristophe.fr\/wp-content\/uploads\/2024\/12\/Christophe-CAZAUVIEILH-pied1-0667240920-683x1024.jpg 683w, https:\/\/www.jesuischristophe.fr\/wp-content\/uploads\/2024\/12\/Christophe-CAZAUVIEILH-pied1-0667240920-200x300.jpg 200w, https:\/\/www.jesuischristophe.fr\/wp-content\/uploads\/2024\/12\/Christophe-CAZAUVIEILH-pied1-0667240920-768x1152.jpg 768w, https:\/\/www.jesuischristophe.fr\/wp-content\/uploads\/2024\/12\/Christophe-CAZAUVIEILH-pied1-0667240920-1024x1536.jpg 1024w, https:\/\/www.jesuischristophe.fr\/wp-content\/uploads\/2024\/12\/Christophe-CAZAUVIEILH-pied1-0667240920.jpg 1154w\" sizes=\"auto, (max-width: 683px) 100vw, 683px\" \/><\/figure>\n<\/figure>\n\n\n\n<figure class=\"wp-block-gallery has-nested-images columns-default is-cropped wp-block-gallery-2 is-layout-flex wp-block-gallery-is-layout-flex\">\n<figure class=\"wp-block-image size-large\"><img loading=\"lazy\" decoding=\"async\" width=\"683\" height=\"1024\" data-id=\"184\" src=\"https:\/\/www.jesuischristophe.fr\/wp-content\/uploads\/2024\/12\/Christophe-CAZAUVIEILH-portrait-7-0667240920-683x1024.jpg\" alt=\"\" class=\"wp-image-184\" srcset=\"https:\/\/www.jesuischristophe.fr\/wp-content\/uploads\/2024\/12\/Christophe-CAZAUVIEILH-portrait-7-0667240920-683x1024.jpg 683w, https:\/\/www.jesuischristophe.fr\/wp-content\/uploads\/2024\/12\/Christophe-CAZAUVIEILH-portrait-7-0667240920-200x300.jpg 200w, https:\/\/www.jesuischristophe.fr\/wp-content\/uploads\/2024\/12\/Christophe-CAZAUVIEILH-portrait-7-0667240920-768x1152.jpg 768w, https:\/\/www.jesuischristophe.fr\/wp-content\/uploads\/2024\/12\/Christophe-CAZAUVIEILH-portrait-7-0667240920-1024x1536.jpg 1024w, https:\/\/www.jesuischristophe.fr\/wp-content\/uploads\/2024\/12\/Christophe-CAZAUVIEILH-portrait-7-0667240920.jpg 1154w\" sizes=\"auto, (max-width: 683px) 100vw, 683px\" \/><\/figure>\n\n\n\n<figure class=\"wp-block-image size-large\"><img loading=\"lazy\" decoding=\"async\" width=\"683\" height=\"1024\" data-id=\"185\" src=\"https:\/\/www.jesuischristophe.fr\/wp-content\/uploads\/2024\/12\/Christophe-CAZAUVIEILH-portrait-8-0667240920-683x1024.jpg\" alt=\"\" class=\"wp-image-185\" srcset=\"https:\/\/www.jesuischristophe.fr\/wp-content\/uploads\/2024\/12\/Christophe-CAZAUVIEILH-portrait-8-0667240920-683x1024.jpg 683w, https:\/\/www.jesuischristophe.fr\/wp-content\/uploads\/2024\/12\/Christophe-CAZAUVIEILH-portrait-8-0667240920-200x300.jpg 200w, https:\/\/www.jesuischristophe.fr\/wp-content\/uploads\/2024\/12\/Christophe-CAZAUVIEILH-portrait-8-0667240920-768x1152.jpg 768w, https:\/\/www.jesuischristophe.fr\/wp-content\/uploads\/2024\/12\/Christophe-CAZAUVIEILH-portrait-8-0667240920-1024x1536.jpg 1024w, https:\/\/www.jesuischristophe.fr\/wp-content\/uploads\/2024\/12\/Christophe-CAZAUVIEILH-portrait-8-0667240920.jpg 1155w\" sizes=\"auto, (max-width: 683px) 100vw, 683px\" \/><\/figure>\n\n\n\n<figure class=\"wp-block-image size-large\"><img loading=\"lazy\" decoding=\"async\" width=\"683\" height=\"1024\" data-id=\"186\" src=\"https:\/\/www.jesuischristophe.fr\/wp-content\/uploads\/2024\/12\/Christophe-CAZAUVIEILHportait-6-0667240920-683x1024.jpg\" alt=\"\" class=\"wp-image-186\" srcset=\"https:\/\/www.jesuischristophe.fr\/wp-content\/uploads\/2024\/12\/Christophe-CAZAUVIEILHportait-6-0667240920-683x1024.jpg 683w, https:\/\/www.jesuischristophe.fr\/wp-content\/uploads\/2024\/12\/Christophe-CAZAUVIEILHportait-6-0667240920-200x300.jpg 200w, https:\/\/www.jesuischristophe.fr\/wp-content\/uploads\/2024\/12\/Christophe-CAZAUVIEILHportait-6-0667240920-768x1152.jpg 768w, https:\/\/www.jesuischristophe.fr\/wp-content\/uploads\/2024\/12\/Christophe-CAZAUVIEILHportait-6-0667240920-1024x1536.jpg 1024w, https:\/\/www.jesuischristophe.fr\/wp-content\/uploads\/2024\/12\/Christophe-CAZAUVIEILHportait-6-0667240920.jpg 1154w\" sizes=\"auto, (max-width: 683px) 100vw, 683px\" \/><\/figure>\n<\/figure>\n\n\n\n<p class=\"has-text-align-center\"><strong><a href=\"https:\/\/drive.google.com\/file\/d\/1v7wiRyuTkyOHTJ4G2DbAFOb9gdNVgnlT\/view\">Book &#8211; complet<\/a> <\/strong><\/p>\n\n\n\n<p><\/p>\n\n\n\n<p><strong>D\u00e9mo<\/strong><\/p>\n\n\n\n<figure class=\"wp-block-image size-large\"><a href=\"https:\/\/vimeo.com\/896921148\/0cfacd11c3?share=copy\"><img loading=\"lazy\" decoding=\"async\" width=\"1024\" height=\"577\" src=\"https:\/\/www.jesuischristophe.fr\/wp-content\/uploads\/2024\/09\/COVER-DEMO-INSTA-CHRSITOPHE-CAZAUVIEILH-sur-rectangle-noir-1024x577.png\" alt=\"\" class=\"wp-image-165\" srcset=\"https:\/\/www.jesuischristophe.fr\/wp-content\/uploads\/2024\/09\/COVER-DEMO-INSTA-CHRSITOPHE-CAZAUVIEILH-sur-rectangle-noir-1024x577.png 1024w, https:\/\/www.jesuischristophe.fr\/wp-content\/uploads\/2024\/09\/COVER-DEMO-INSTA-CHRSITOPHE-CAZAUVIEILH-sur-rectangle-noir-300x169.png 300w, https:\/\/www.jesuischristophe.fr\/wp-content\/uploads\/2024\/09\/COVER-DEMO-INSTA-CHRSITOPHE-CAZAUVIEILH-sur-rectangle-noir-768x433.png 768w, https:\/\/www.jesuischristophe.fr\/wp-content\/uploads\/2024\/09\/COVER-DEMO-INSTA-CHRSITOPHE-CAZAUVIEILH-sur-rectangle-noir-1536x865.png 1536w, https:\/\/www.jesuischristophe.fr\/wp-content\/uploads\/2024\/09\/COVER-DEMO-INSTA-CHRSITOPHE-CAZAUVIEILH-sur-rectangle-noir-1200x676.png 1200w, https:\/\/www.jesuischristophe.fr\/wp-content\/uploads\/2024\/09\/COVER-DEMO-INSTA-CHRSITOPHE-CAZAUVIEILH-sur-rectangle-noir.png 1640w\" sizes=\"auto, (max-width: 1024px) 100vw, 1024px\" \/><\/a><\/figure>\n\n\n\n<p><br><br><strong>Formations<\/strong> <strong>Principales<\/strong><\/p>\n\n\n\n<p>Atelier International de Th\u00e9\u00e2tre de Blanche Salant et Paul weaver<\/p>\n\n\n\n<p>Jack Waltzer Acting Workshops  (Anglais et Fran\u00e7ais)<\/p>\n\n\n\n<p>Les Ateliers de Coline Serreau<\/p>\n\n\n\n<p>Le magasin (Doublage)<\/p>\n\n\n\n<p>Les coachs associ\u00e9s \/John Berrebi (Voix\/voix off) <\/p>\n\n\n\n<p>Psychologie (Doctorat\/PH.D)<\/p>\n\n\n\n<p><em>Anglais . Certification Bright. C1<\/em><\/p>\n\n\n\n<p><em>Espagnol: bases.<\/em><\/p>\n\n\n\n<p class=\"has-text-align-center\"><\/p>\n\n\n\n<p><br><strong>Exp\u00e9rience professionnelle <\/strong><\/p>\n\n\n\n<p>Th\u00e9\u00e2tre &amp; Sc\u00e8nes ouvertes<\/p>\n\n\n\n<p>T\u00e9l\u00e9vision<\/p>\n\n\n\n<p>Cin\u00e9ma<\/p>\n\n\n\n<p>Studio\/Radio<\/p>\n\n\n\n<p><br><strong>CV<\/strong><\/p>\n\n\n\n<figure class=\"wp-block-image size-large\"><a href=\"https:\/\/drive.google.com\/file\/d\/1t-lPgqInuN24mGSkQCg3RFOd_Ov_v0EW\/view\"><img loading=\"lazy\" decoding=\"async\" width=\"1024\" height=\"572\" src=\"https:\/\/www.jesuischristophe.fr\/wp-content\/uploads\/2023\/11\/Ouvrir-CHRISTOPHE-CAZAUVIEILH-1024x572.jpeg\" alt=\"\" class=\"wp-image-90\" srcset=\"https:\/\/www.jesuischristophe.fr\/wp-content\/uploads\/2023\/11\/Ouvrir-CHRISTOPHE-CAZAUVIEILH-1024x572.jpeg 1024w, https:\/\/www.jesuischristophe.fr\/wp-content\/uploads\/2023\/11\/Ouvrir-CHRISTOPHE-CAZAUVIEILH-300x167.jpeg 300w, https:\/\/www.jesuischristophe.fr\/wp-content\/uploads\/2023\/11\/Ouvrir-CHRISTOPHE-CAZAUVIEILH-768x429.jpeg 768w, https:\/\/www.jesuischristophe.fr\/wp-content\/uploads\/2023\/11\/Ouvrir-CHRISTOPHE-CAZAUVIEILH.jpeg 1125w\" sizes=\"auto, (max-width: 1024px) 100vw, 1024px\" \/><\/a><\/figure>\n\n\n\n<p><\/p>\n\n\n\n<p><\/p>\n\n\n\n<p><\/p>\n\n\n\n<p><\/p>\n","protected":false},"excerpt":{"rendered":"<p>Book Book &#8211; complet D\u00e9mo Formations Principales Atelier International de Th\u00e9\u00e2tre de Blanche Salant et Paul weaver Jack Waltzer Acting Workshops (Anglais et Fran\u00e7ais) Les Ateliers de Coline Serreau Le magasin (Doublage) Les coachs associ\u00e9s \/John Berrebi (Voix\/voix off) Psychologie (Doctorat\/PH.D) Anglais . Certification Bright. C1 Espagnol: bases. Exp\u00e9rience professionnelle Th\u00e9\u00e2tre &amp; Sc\u00e8nes ouvertes T\u00e9l\u00e9vision [&hellip;]<\/p>\n","protected":false},"author":1,"featured_media":0,"parent":0,"menu_order":0,"comment_status":"closed","ping_status":"closed","template":"","meta":{"footnotes":""},"class_list":["post-94","page","type-page","status-publish","hentry"],"_links":{"self":[{"href":"https:\/\/www.jesuischristophe.fr\/index.php\/wp-json\/wp\/v2\/pages\/94","targetHints":{"allow":["GET"]}}],"collection":[{"href":"https:\/\/www.jesuischristophe.fr\/index.php\/wp-json\/wp\/v2\/pages"}],"about":[{"href":"https:\/\/www.jesuischristophe.fr\/index.php\/wp-json\/wp\/v2\/types\/page"}],"author":[{"embeddable":true,"href":"https:\/\/www.jesuischristophe.fr\/index.php\/wp-json\/wp\/v2\/users\/1"}],"replies":[{"embeddable":true,"href":"https:\/\/www.jesuischristophe.fr\/index.php\/wp-json\/wp\/v2\/comments?post=94"}],"version-history":[{"count":22,"href":"https:\/\/www.jesuischristophe.fr\/index.php\/wp-json\/wp\/v2\/pages\/94\/revisions"}],"predecessor-version":[{"id":194,"href":"https:\/\/www.jesuischristophe.fr\/index.php\/wp-json\/wp\/v2\/pages\/94\/revisions\/194"}],"wp:attachment":[{"href":"https:\/\/www.jesuischristophe.fr\/index.php\/wp-json\/wp\/v2\/media?parent=94"}],"curies":[{"name":"wp","href":"https:\/\/api.w.org\/{rel}","templated":true}]}}